{"id":5037,"date":"2025-11-27T17:54:44","date_gmt":"2025-11-27T17:54:44","guid":{"rendered":"https:\/\/boliviaecologica.com\/?page_id=5037"},"modified":"2025-11-27T17:58:08","modified_gmt":"2025-11-27T17:58:08","slug":"107-revista","status":"publish","type":"page","link":"https:\/\/boliviaecologica.com\/?page_id=5037","title":{"rendered":"107 Revista"},"content":{"rendered":"\t\t<div data-elementor-type=\"wp-page\" data-elementor-id=\"5037\" class=\"elementor elementor-5037\" data-elementor-post-type=\"page\">\n\t\t\t\t<div class=\"elementor-element elementor-element-40cff1e e-flex e-con-boxed e-con e-parent\" data-id=\"40cff1e\" data-element_type=\"container\">\n\t\t\t\t\t<div class=\"e-con-inner\">\n\t\t\t\t<div class=\"elementor-element elementor-element-754425b elementor-widget elementor-widget-slider_revolution\" data-id=\"754425b\" data-element_type=\"widget\" data-widget_type=\"slider_revolution.default\">\n\t\t\t\t\t\n\t\t<div class=\"wp-block-themepunch-revslider\">\n\t\t\t\t<p class=\"rs-p-wp-fix\"><\/p>\n\t\t\t\t<sr7-module data-alias=\"productos-11\" data-id=\"6\" id=\"SR7_6_1\" class=\"rs-ov-hidden\" data-version=\"6.7.20\">\n\t\t\t\t\t<sr7-adjuster><\/sr7-adjuster>\n\t\t\t\t\t<sr7-content>\n\t\t\t\t\t\t<sr7-slide id=\"SR7_6_1-11\" data-key=\"11\">\n\t\t\t\t\t\t\t<sr7-bg id=\"SR7_6_1-11-1\" class=\"sr7-layer\"><noscript><img decoding=\"async\" src=\"https:\/\/boliviaecologica.com\/wp-content\/uploads\/2025\/11\/revistasB.jpg\" alt=\"\" title=\"revistasB\"><\/noscript><\/sr7-bg>\n\t\t\t\t\t\t<\/sr7-slide>\n\t\t\t\t\t\t<sr7-slide id=\"SR7_6_1-12\" data-key=\"12\">\n\t\t\t\t\t\t<\/sr7-slide>\n\t\t\t\t\t<\/sr7-content>\n\t\t\t\t\t<image_lists style=\"display:none\">\n\t\t\t\t\t\t<img data-src=\"\/\/boliviaecologica.com\/wp-content\/uploads\/2025\/11\/revistasB.jpg\" data-libid=\"4580\" data-lib=\"medialibrary\" title=\"revistasB\" width=\"0\" height=\"0\" data-dbsrc=\"Ly9ib2xpdmlhZWNvbG9naWNhLmNvbS93cC1jb250ZW50L3VwbG9hZHMvMjAyNS8xMS9yZXZpc3Rhc0IuanBn\"\/>\n\t\t\t\t\t<\/image_lists>\n\t\t\t\t<\/sr7-module>\n\t\t\t\t<script>\n\t\t\t\t\tSR7.PMH ??={}; SR7.PMH[\"SR7_6_1\"] = {cn:0,state:false,fn: function() { if (_tpt!==undefined && _tpt.prepareModuleHeight !== undefined) {  _tpt.prepareModuleHeight({id:\"SR7_6_1\",el:[300,300,768,960,720],type:'standard',shdw:'0',gh:[300,300,256,195,120],gw:[1200,1200,1024,778,480],vpt:['100px'],size:{fullWidth:true, fullHeight:false},mh:'0',onh:0,onw:0,bg:{color:'{\"orig\":\"transparent\",\"type\":\"solid\",\"string\":\"transparent\"}'}});   SR7.PMH[\"SR7_6_1\"].state=true;} else if((SR7.PMH[\"SR7_6_1\"].cn++)<100)\tsetTimeout( SR7.PMH[\"SR7_6_1\"].fn,19);}};SR7.PMH[\"SR7_6_1\" ].fn();\n\t\t\t\t<\/script>\n<\/div>\n\n\t\t\t\t\t\t<\/div>\n\t\t\t\t\t<\/div>\n\t\t\t\t<\/div>\n\t\t<div class=\"elementor-element elementor-element-522f7c24 e-flex e-con-boxed e-con e-parent\" data-id=\"522f7c24\" data-element_type=\"container\">\n\t\t\t\t\t<div class=\"e-con-inner\">\n\t\t\t\t<div class=\"elementor-element elementor-element-457fd08 elementor-widget elementor-widget-spacer\" data-id=\"457fd08\" data-element_type=\"widget\" data-widget_type=\"spacer.default\">\n\t\t\t\t\t\t\t<div class=\"elementor-spacer\">\n\t\t\t<div class=\"elementor-spacer-inner\"><\/div>\n\t\t<\/div>\n\t\t\t\t\t\t<\/div>\n\t\t\t\t<div class=\"elementor-element elementor-element-a07b8d8 elementor-widget elementor-widget-heading\" data-id=\"a07b8d8\" data-element_type=\"widget\" data-widget_type=\"heading.default\">\n\t\t\t\t\t<h2 class=\"elementor-heading-title elementor-size-default\">107 - Los Murci\u00e9lago Vampiro de Bolivia<\/h2>\t\t\t\t<\/div>\n\t\t\t\t\t<\/div>\n\t\t\t\t<\/div>\n\t\t<div class=\"elementor-element elementor-element-59e45bbe e-flex e-con-boxed e-con e-parent\" data-id=\"59e45bbe\" data-element_type=\"container\">\n\t\t\t\t\t<div class=\"e-con-inner\">\n\t\t<div class=\"elementor-element elementor-element-1b99032f e-con-full e-flex e-con e-child\" data-id=\"1b99032f\" data-element_type=\"container\">\n\t\t\t\t<div class=\"elementor-element elementor-element-38f6350 elementor-widget elementor-widget-text-editor\" data-id=\"38f6350\" data-element_type=\"widget\" data-widget_type=\"text-editor.default\">\n\t\t\t\t\t\t\t\t\t<p style=\"font-weight: 400;\">Tan fascinantes como temidos, existen muchos prejuicios y falsos mitos sobre los murci\u00e9lagos vampiros. Aqu\u00ed te presentamos de manera detallada y cient\u00edfica su biolog\u00eda, comportamiento social, h\u00e1bitos alimenticios y \u2026 s\u00ed, tambi\u00e9n su rol en la transmisi\u00f3n del virus de la rabia. Nos enfocamos en particular en las tres especies existentes en Bolivia, promoviendo finalmente la visi\u00f3n denominada \u00abUna Salud\u00bb, en busca del equilibrio adecuado que integre el medio ambiente, la fauna y la salud humana.<\/p>\t\t\t\t\t\t\t\t<\/div>\n\t\t\t\t<div class=\"elementor-element elementor-element-60bd8aaa elementor-widget elementor-widget-spacer\" data-id=\"60bd8aaa\" data-element_type=\"widget\" data-widget_type=\"spacer.default\">\n\t\t\t\t\t\t\t<div class=\"elementor-spacer\">\n\t\t\t<div class=\"elementor-spacer-inner\"><\/div>\n\t\t<\/div>\n\t\t\t\t\t\t<\/div>\n\t\t<div class=\"elementor-element elementor-element-1f9ffdfd e-con-full e-flex e-con e-child\" data-id=\"1f9ffdfd\" data-element_type=\"container\">\n\t\t\t\t<div class=\"elementor-element elementor-element-c5e4090 elementor-align-right elementor-widget elementor-widget-button\" data-id=\"c5e4090\" data-element_type=\"widget\" data-widget_type=\"button.default\">\n\t\t\t\t\t\t\t\t\t\t<a class=\"elementor-button elementor-button-link elementor-size-sm elementor-animation-float\" href=\"https:\/\/boliviaecologica.com\/?page_id=2918\" target=\"_blank\">\n\t\t\t\t\t\t<span class=\"elementor-button-content-wrapper\">\n\t\t\t\t\t\t<span class=\"elementor-button-icon\">\n\t\t\t\t<svg aria-hidden=\"true\" class=\"e-font-icon-svg e-fas-book-open\" viewBox=\"0 0 576 512\" xmlns=\"http:\/\/www.w3.org\/2000\/svg\"><path d=\"M542.22 32.05c-54.8 3.11-163.72 14.43-230.96 55.59-4.64 2.84-7.27 7.89-7.27 13.17v363.87c0 11.55 12.63 18.85 23.28 13.49 69.18-34.82 169.23-44.32 218.7-46.92 16.89-.89 30.02-14.43 30.02-30.66V62.75c.01-17.71-15.35-31.74-33.77-30.7zM264.73 87.64C197.5 46.48 88.58 35.17 33.78 32.05 15.36 31.01 0 45.04 0 62.75V400.6c0 16.24 13.13 29.78 30.02 30.66 49.49 2.6 149.59 12.11 218.77 46.95 10.62 5.35 23.21-1.94 23.21-13.46V100.63c0-5.29-2.62-10.14-7.27-12.99z\"><\/path><\/svg>\t\t\t<\/span>\n\t\t\t\t\t\t\t\t\t<span class=\"elementor-button-text\">LEER ONLINE<\/span>\n\t\t\t\t\t<\/span>\n\t\t\t\t\t<\/a>\n\t\t\t\t\t\t\t\t<\/div>\n\t\t\t\t<div class=\"elementor-element elementor-element-a5dfc07 elementor-align-right elementor-widget elementor-widget-button\" data-id=\"a5dfc07\" data-element_type=\"widget\" data-widget_type=\"button.default\">\n\t\t\t\t\t\t\t\t\t\t<a class=\"elementor-button elementor-button-link elementor-size-sm elementor-animation-float\" href=\"https:\/\/boliviaecologica.com?download=3718&#038;tmstv=1764265980\">\n\t\t\t\t\t\t<span class=\"elementor-button-content-wrapper\">\n\t\t\t\t\t\t<span class=\"elementor-button-icon\">\n\t\t\t\t<svg aria-hidden=\"true\" class=\"e-font-icon-svg e-fas-download\" viewBox=\"0 0 512 512\" xmlns=\"http:\/\/www.w3.org\/2000\/svg\"><path d=\"M216 0h80c13.3 0 24 10.7 24 24v168h87.7c17.8 0 26.7 21.5 14.1 34.1L269.7 378.3c-7.5 7.5-19.8 7.5-27.3 0L90.1 226.1c-12.6-12.6-3.7-34.1 14.1-34.1H192V24c0-13.3 10.7-24 24-24zm296 376v112c0 13.3-10.7 24-24 24H24c-13.3 0-24-10.7-24-24V376c0-13.3 10.7-24 24-24h146.7l49 49c20.1 20.1 52.5 20.1 72.6 0l49-49H488c13.3 0 24 10.7 24 24zm-124 88c0-11-9-20-20-20s-20 9-20 20 9 20 20 20 20-9 20-20zm64 0c0-11-9-20-20-20s-20 9-20 20 9 20 20 20 20-9 20-20z\"><\/path><\/svg>\t\t\t<\/span>\n\t\t\t\t\t\t\t\t\t<span class=\"elementor-button-text\">DOWNLOAD<\/span>\n\t\t\t\t\t<\/span>\n\t\t\t\t\t<\/a>\n\t\t\t\t\t\t\t\t<\/div>\n\t\t\t\t<\/div>\n\t\t\t\t<\/div>\n\t\t<div class=\"elementor-element elementor-element-20f9f32a e-con-full e-flex e-con e-child\" data-id=\"20f9f32a\" data-element_type=\"container\" data-settings=\"{&quot;background_background&quot;:&quot;classic&quot;}\">\n\t\t\t\t<div class=\"elementor-element elementor-element-226aa15 elementor-widget elementor-widget-theme-post-featured-image elementor-widget-image\" data-id=\"226aa15\" data-element_type=\"widget\" data-widget_type=\"theme-post-featured-image.default\">\n\t\t\t\t\t\t\t\t\t\t\t\t\t\t\t<img fetchpriority=\"high\" decoding=\"async\" width=\"492\" height=\"635\" src=\"https:\/\/boliviaecologica.com\/wp-content\/uploads\/2025\/10\/107T-murcielagos_vampiros_de_bolivia.webp\" class=\"attachment-large size-large wp-image-699\" alt=\"\" srcset=\"https:\/\/boliviaecologica.com\/wp-content\/uploads\/2025\/10\/107T-murcielagos_vampiros_de_bolivia.webp 492w, https:\/\/boliviaecologica.com\/wp-content\/uploads\/2025\/10\/107T-murcielagos_vampiros_de_bolivia-300x387.webp 300w, https:\/\/boliviaecologica.com\/wp-content\/uploads\/2025\/10\/107T-murcielagos_vampiros_de_bolivia-232x300.webp 232w\" sizes=\"(max-width: 492px) 100vw, 492px\" \/>\t\t\t\t\t\t\t\t\t\t\t\t\t\t\t<\/div>\n\t\t\t\t<\/div>\n\t\t\t\t\t<\/div>\n\t\t\t\t<\/div>\n\t\t<div class=\"elementor-element elementor-element-9c92234 e-flex e-con-boxed e-con e-parent\" data-id=\"9c92234\" data-element_type=\"container\">\n\t\t\t\t\t<div class=\"e-con-inner\">\n\t\t\t\t<div class=\"elementor-element elementor-element-5bf9a12 elementor-widget elementor-widget-spacer\" data-id=\"5bf9a12\" data-element_type=\"widget\" data-widget_type=\"spacer.default\">\n\t\t\t\t\t\t\t<div class=\"elementor-spacer\">\n\t\t\t<div class=\"elementor-spacer-inner\"><\/div>\n\t\t<\/div>\n\t\t\t\t\t\t<\/div>\n\t\t\t\t\t<\/div>\n\t\t\t\t<\/div>\n\t\t\t\t<\/div>\n\t\t","protected":false},"excerpt":{"rendered":"<p>107 &#8211; Los Murci\u00e9lago Vampiro de Bolivia Tan fascinantes como temidos, existen muchos prejuicios y falsos mitos sobre los murci\u00e9lagos [&hellip;]<\/p>\n","protected":false},"author":1,"featured_media":699,"parent":0,"menu_order":0,"comment_status":"closed","ping_status":"closed","template":"","meta":{"_acf_changed":false,"site-sidebar-layout":"no-sidebar","site-content-layout":"","ast-site-content-layout":"full-width-container","site-content-style":"default","site-sidebar-style":"default","ast-global-header-display":"","ast-banner-title-visibility":"","ast-main-header-display":"","ast-hfb-above-header-display":"","ast-hfb-below-header-display":"","ast-hfb-mobile-header-display":"","site-post-title":"disabled","ast-breadcrumbs-content":"","ast-featured-img":"disabled","footer-sml-layout":"","theme-transparent-header-meta":"","adv-header-id-meta":"","stick-header-meta":"","header-above-stick-meta":"","header-main-stick-meta":"","header-below-stick-meta":"","astra-migrate-meta-layouts":"default","ast-page-background-enabled":"default","ast-page-background-meta":{"desktop":{"background-color":"var(--ast-global-color-5)","background-image":"","background-repeat":"repeat","background-position":"center center","background-size":"auto","background-attachment":"scroll","background-type":"","background-media":"","overlay-type":"","overlay-color":"","overlay-opacity":"","overlay-gradient":""},"tablet":{"background-color":"","background-image":"","background-repeat":"repeat","background-position":"center center","background-size":"auto","background-attachment":"scroll","background-type":"","background-media":"","overlay-type":"","overlay-color":"","overlay-opacity":"","overlay-gradient":""},"mobile":{"background-color":"","background-image":"","background-repeat":"repeat","background-position":"center center","background-size":"auto","background-attachment":"scroll","background-type":"","background-media":"","overlay-type":"","overlay-color":"","overlay-opacity":"","overlay-gradient":""}},"ast-content-background-meta":{"desktop":{"background-color":"var(--ast-global-color-4)","background-image":"","background-repeat":"repeat","background-position":"center center","background-size":"auto","background-attachment":"scroll","background-type":"","background-media":"","overlay-type":"","overlay-color":"","overlay-opacity":"","overlay-gradient":""},"tablet":{"background-color":"var(--ast-global-color-4)","background-image":"","background-repeat":"repeat","background-position":"center center","background-size":"auto","background-attachment":"scroll","background-type":"","background-media":"","overlay-type":"","overlay-color":"","overlay-opacity":"","overlay-gradient":""},"mobile":{"background-color":"var(--ast-global-color-4)","background-image":"","background-repeat":"repeat","background-position":"center center","background-size":"auto","background-attachment":"scroll","background-type":"","background-media":"","overlay-type":"","overlay-color":"","overlay-opacity":"","overlay-gradient":""}},"footnotes":""},"folder":[40],"class_list":["post-5037","page","type-page","status-publish","has-post-thumbnail","hentry"],"acf":[],"_links":{"self":[{"href":"https:\/\/boliviaecologica.com\/index.php?rest_route=\/wp\/v2\/pages\/5037","targetHints":{"allow":["GET"]}}],"collection":[{"href":"https:\/\/boliviaecologica.com\/index.php?rest_route=\/wp\/v2\/pages"}],"about":[{"href":"https:\/\/boliviaecologica.com\/index.php?rest_route=\/wp\/v2\/types\/page"}],"author":[{"embeddable":true,"href":"https:\/\/boliviaecologica.com\/index.php?rest_route=\/wp\/v2\/users\/1"}],"replies":[{"embeddable":true,"href":"https:\/\/boliviaecologica.com\/index.php?rest_route=%2Fwp%2Fv2%2Fcomments&post=5037"}],"version-history":[{"count":4,"href":"https:\/\/boliviaecologica.com\/index.php?rest_route=\/wp\/v2\/pages\/5037\/revisions"}],"predecessor-version":[{"id":5041,"href":"https:\/\/boliviaecologica.com\/index.php?rest_route=\/wp\/v2\/pages\/5037\/revisions\/5041"}],"wp:featuredmedia":[{"embeddable":true,"href":"https:\/\/boliviaecologica.com\/index.php?rest_route=\/wp\/v2\/media\/699"}],"wp:attachment":[{"href":"https:\/\/boliviaecologica.com\/index.php?rest_route=%2Fwp%2Fv2%2Fmedia&parent=5037"}],"wp:term":[{"taxonomy":"folder","embeddable":true,"href":"https:\/\/boliviaecologica.com\/index.php?rest_route=%2Fwp%2Fv2%2Ffolder&post=5037"}],"curies":[{"name":"wp","href":"https:\/\/api.w.org\/{rel}","templated":true}]}}