{"id":4633,"date":"2025-11-14T20:54:24","date_gmt":"2025-11-14T20:54:24","guid":{"rendered":"https:\/\/boliviaecologica.com\/?page_id=4633"},"modified":"2025-12-05T03:19:59","modified_gmt":"2025-12-05T03:19:59","slug":"luis-f-aguirre","status":"publish","type":"page","link":"https:\/\/boliviaecologica.com\/?page_id=4633","title":{"rendered":"Luis F. Aguirre"},"content":{"rendered":"\t\t<div data-elementor-type=\"wp-page\" data-elementor-id=\"4633\" class=\"elementor elementor-4633\" data-elementor-post-type=\"page\">\n\t\t\t\t<div class=\"elementor-element elementor-element-0557648 e-flex e-con-boxed e-con e-parent\" data-id=\"0557648\" data-element_type=\"container\">\n\t\t\t\t\t<div class=\"e-con-inner\">\n\t\t\t\t<div class=\"elementor-element elementor-element-c114aec elementor-widget elementor-widget-slider_revolution\" data-id=\"c114aec\" data-element_type=\"widget\" data-widget_type=\"slider_revolution.default\">\n\t\t\t\t\t\n\t\t<div class=\"wp-block-themepunch-revslider\">\n\t\t\t\t<p class=\"rs-p-wp-fix\"><\/p>\n\t\t\t\t<sr7-module data-alias=\"sample-1\" data-id=\"3\" id=\"SR7_3_1\" class=\"rs-ov-hidden\" data-version=\"6.7.20\">\n\t\t\t\t\t<sr7-adjuster><\/sr7-adjuster>\n\t\t\t\t\t<sr7-content>\n\t\t\t\t\t\t<sr7-slide id=\"SR7_3_1-5\" data-key=\"5\">\n\t\t\t\t\t\t\t<sr7-bg id=\"SR7_3_1-5-1\" class=\"sr7-layer\"><noscript><img decoding=\"async\" src=\"https:\/\/boliviaecologica.com\/wp-content\/uploads\/2025\/11\/ColaboradoresB.jpg\" alt=\"\" title=\"ColaboradoresB\"><\/noscript><\/sr7-bg>\n\t\t\t\t\t\t<\/sr7-slide>\n\t\t\t\t\t\t<sr7-slide id=\"SR7_3_1-6\" data-key=\"6\">\n\t\t\t\t\t\t<\/sr7-slide>\n\t\t\t\t\t<\/sr7-content>\n\t\t\t\t\t<image_lists style=\"display:none\">\n\t\t\t\t\t\t<img data-src=\"\/\/boliviaecologica.com\/wp-content\/uploads\/2025\/11\/ColaboradoresB.jpg\" data-libid=\"4654\" data-lib=\"medialibrary\" title=\"ColaboradoresB\" width=\"0\" height=\"0\" data-dbsrc=\"Ly9ib2xpdmlhZWNvbG9naWNhLmNvbS93cC1jb250ZW50L3VwbG9hZHMvMjAyNS8xMS9Db2xhYm9yYWRvcmVzQi5qcGc=\"\/>\n\t\t\t\t\t<\/image_lists>\n\t\t\t\t<\/sr7-module>\n\t\t\t\t<script>\n\t\t\t\t\tSR7.PMH ??={}; SR7.PMH[\"SR7_3_1\"] = {cn:0,state:false,fn: function() { if (_tpt!==undefined && _tpt.prepareModuleHeight !== undefined) {  _tpt.prepareModuleHeight({id:\"SR7_3_1\",el:[300,300,768,960,720],type:'standard',shdw:'0',gh:[300,300,256,195,120],gw:[1200,1200,1024,778,480],vpt:['100px'],size:{fullWidth:true, fullHeight:false},mh:'0',onh:0,onw:0,bg:{color:'{\"orig\":\"transparent\",\"type\":\"solid\",\"string\":\"transparent\"}'}});   SR7.PMH[\"SR7_3_1\"].state=true;} else if((SR7.PMH[\"SR7_3_1\"].cn++)<100)\tsetTimeout( SR7.PMH[\"SR7_3_1\"].fn,19);}};SR7.PMH[\"SR7_3_1\" ].fn();\n\t\t\t\t<\/script>\n<\/div>\n\n\t\t\t\t\t\t<\/div>\n\t\t\t\t\t<\/div>\n\t\t\t\t<\/div>\n\t\t<div class=\"elementor-element elementor-element-e4f794c e-flex e-con-boxed e-con e-parent\" data-id=\"e4f794c\" data-element_type=\"container\" data-settings=\"{&quot;background_background&quot;:&quot;classic&quot;}\">\n\t\t\t\t\t<div class=\"e-con-inner\">\n\t\t<div class=\"elementor-element elementor-element-1c23d4d e-con-full e-flex e-con e-child\" data-id=\"1c23d4d\" data-element_type=\"container\" data-settings=\"{&quot;background_background&quot;:&quot;classic&quot;}\">\n\t\t\t\t<div class=\"elementor-element elementor-element-adbc806 elementor-widget elementor-widget-heading\" data-id=\"adbc806\" data-element_type=\"widget\" data-widget_type=\"heading.default\">\n\t\t\t\t\t<h2 class=\"elementor-heading-title elementor-size-default\">Luis F. Aguirre<\/h2>\t\t\t\t<\/div>\n\t\t\t\t<div class=\"elementor-element elementor-element-9f59ce8 elementor-widget elementor-widget-text-editor\" data-id=\"9f59ce8\" data-element_type=\"widget\" data-widget_type=\"text-editor.default\">\n\t\t\t\t\t\t\t\t\t<div><span lang=\"ES-BO\">Biolog\u00eda de la conservaci\u00f3n, mam\u00edferos murci\u00e9lagos.<\/span><\/div><div>\u00a0<\/div><div><div><span lang=\"ES-BO\">El Dr. Luis Fernando Aguirre Urioste es bi\u00f3logo con maestr\u00eda en Ecolog\u00eda y Conservaci\u00f3n (UMSA) y doctorado en Ciencias (Universidad de Amberes, B\u00e9lgica). Es docente investigador y director del Centro de Biodiversidad y Gen\u00e9tica (UMSS), adem\u00e1s de coordinador del Programa para la Conservaci\u00f3n de los Murci\u00e9lagos de Bolivia. Ha liderado m\u00e1s de 20 proyectos sobre biodiversidad, publicado m\u00e1s de 200 art\u00edculos y 15 libros, y formado a numerosos estudiantes. Miembro de la Academia Nacional de Ciencias de Bolivia, ha recibido reconocimientos internacionales como el Whitley Award, el Premio L\u00e1zaro Spallanzani y el reconocimiento de la C\u00e1mara de Senadores de Bolivia por su trayectoria en investigaci\u00f3n y conservaci\u00f3n de la biodiversidad.<\/span><\/div><div><div><span lang=\"ES-BO\">Coautor de: Murci\u00e9lagos de Bolivia (2003: 29), Bosques de Kewi\u00f1a (2010: 57). Abejas orqu\u00eddea (2013: 70), Lugares importantes para la conservaci\u00f3n de murci\u00e9lagos en Bolivia (AICOMS y SICOMS) (2021: 96), Los murci\u00e9lagos vampiro de Bolivia (2024: 107)<\/span><\/div><\/div><div>\u00a0<\/div><\/div>\t\t\t\t\t\t\t\t<\/div>\n\t\t\t\t<\/div>\n\t\t<div class=\"elementor-element elementor-element-8d89f9b e-con-full e-flex e-con e-child\" data-id=\"8d89f9b\" data-element_type=\"container\" data-settings=\"{&quot;background_background&quot;:&quot;classic&quot;}\">\n\t\t\t\t<div class=\"elementor-element elementor-element-596f679 elementor-widget elementor-widget-image\" data-id=\"596f679\" data-element_type=\"widget\" data-widget_type=\"image.default\">\n\t\t\t\t\t\t\t\t\t\t\t\t\t\t\t<img fetchpriority=\"high\" decoding=\"async\" width=\"600\" height=\"500\" src=\"https:\/\/boliviaecologica.com\/wp-content\/uploads\/2025\/11\/Luis-F.-Aguirre-Page.webp\" class=\"attachment-large size-large wp-image-4636\" alt=\"\" srcset=\"https:\/\/boliviaecologica.com\/wp-content\/uploads\/2025\/11\/Luis-F.-Aguirre-Page.webp 600w, https:\/\/boliviaecologica.com\/wp-content\/uploads\/2025\/11\/Luis-F.-Aguirre-Page-300x250.webp 300w\" sizes=\"(max-width: 600px) 100vw, 600px\" \/>\t\t\t\t\t\t\t\t\t\t\t\t\t\t\t<\/div>\n\t\t\t\t<div class=\"elementor-element elementor-element-104ac3b elementor-widget elementor-widget-heading\" data-id=\"104ac3b\" data-element_type=\"widget\" data-widget_type=\"heading.default\">\n\t\t\t\t\t<h2 class=\"elementor-heading-title elementor-size-default\">Bi\u00f3logo<\/h2>\t\t\t\t<\/div>\n\t\t\t\t<\/div>\n\t\t\t\t\t<\/div>\n\t\t\t\t<\/div>\n\t\t<div class=\"elementor-element elementor-element-0fc5030 e-flex e-con-boxed e-con e-parent\" data-id=\"0fc5030\" data-element_type=\"container\">\n\t\t\t\t\t<div class=\"e-con-inner\">\n\t\t<div class=\"elementor-element elementor-element-436b403 e-con-full e-flex e-con e-child\" data-id=\"436b403\" data-element_type=\"container\">\n\t\t\t\t<div class=\"elementor-element elementor-element-3ec0056 elementor-widget elementor-widget-spacer\" data-id=\"3ec0056\" data-element_type=\"widget\" data-widget_type=\"spacer.default\">\n\t\t\t\t\t\t\t<div class=\"elementor-spacer\">\n\t\t\t<div class=\"elementor-spacer-inner\"><\/div>\n\t\t<\/div>\n\t\t\t\t\t\t<\/div>\n\t\t\t\t<div class=\"elementor-element elementor-element-1818a3c elementor-widget elementor-widget-button\" data-id=\"1818a3c\" data-element_type=\"widget\" data-widget_type=\"button.default\">\n\t\t\t\t\t\t\t\t\t\t<a class=\"elementor-button elementor-button-link elementor-size-sm\" href=\"#\">\n\t\t\t\t\t\t<span class=\"elementor-button-content-wrapper\">\n\t\t\t\t\t\t\t\t\t<span class=\"elementor-button-text\">Publicaciones<\/span>\n\t\t\t\t\t<\/span>\n\t\t\t\t\t<\/a>\n\t\t\t\t\t\t\t\t<\/div>\n\t\t\t\t<div class=\"elementor-element elementor-element-b7dc57a elementor-widget-divider--view-line elementor-widget elementor-widget-divider\" data-id=\"b7dc57a\" data-element_type=\"widget\" data-widget_type=\"divider.default\">\n\t\t\t\t\t\t\t<div class=\"elementor-divider\">\n\t\t\t<span class=\"elementor-divider-separator\">\n\t\t\t\t\t\t<\/span>\n\t\t<\/div>\n\t\t\t\t\t\t<\/div>\n\t\t\t\t<div class=\"elementor-element elementor-element-cada995 elementor-widget elementor-widget-spacer\" data-id=\"cada995\" data-element_type=\"widget\" data-widget_type=\"spacer.default\">\n\t\t\t\t\t\t\t<div class=\"elementor-spacer\">\n\t\t\t<div class=\"elementor-spacer-inner\"><\/div>\n\t\t<\/div>\n\t\t\t\t\t\t<\/div>\n\t\t\t\t<\/div>\n\t\t<div class=\"elementor-element elementor-element-9b1f2ea e-con-full e-flex e-con e-child\" data-id=\"9b1f2ea\" data-element_type=\"container\">\n\t\t<div class=\"elementor-element elementor-element-5a6c289 e-con-full e-flex e-con e-child\" data-id=\"5a6c289\" data-element_type=\"container\">\n\t\t\t\t<div class=\"elementor-element elementor-element-e263f79 elementor-widget elementor-widget-image\" data-id=\"e263f79\" data-element_type=\"widget\" data-widget_type=\"image.default\">\n\t\t\t\t\t\t\t\t\t\t\t\t<figure class=\"wp-caption\">\n\t\t\t\t\t\t\t\t\t\t\t<a href=\"https:\/\/boliviaecologica.com\/?page_id=4004\" target=\"_blank\">\n\t\t\t\t\t\t\t<img decoding=\"async\" width=\"150\" height=\"150\" src=\"https:\/\/boliviaecologica.com\/wp-content\/uploads\/2025\/10\/28T-mamiferos-acuaticos-y-riberenos-de-bolivia-150x150.webp\" class=\"attachment-thumbnail size-thumbnail wp-image-559\" alt=\"\" srcset=\"https:\/\/boliviaecologica.com\/wp-content\/uploads\/2025\/10\/28T-mamiferos-acuaticos-y-riberenos-de-bolivia-150x150.webp 150w, https:\/\/boliviaecologica.com\/wp-content\/uploads\/2025\/10\/28T-mamiferos-acuaticos-y-riberenos-de-bolivia-300x300.webp 300w, https:\/\/boliviaecologica.com\/wp-content\/uploads\/2025\/10\/28T-mamiferos-acuaticos-y-riberenos-de-bolivia-100x100.webp 100w\" sizes=\"(max-width: 150px) 100vw, 150px\" \/>\t\t\t\t\t\t\t\t<\/a>\n\t\t\t\t\t\t\t\t\t\t\t<figcaption class=\"widget-image-caption wp-caption-text\">28 - MAm\u00edferos acu\u00e1ticos y ribere\u00f1os de Bolivia<\/figcaption>\n\t\t\t\t\t\t\t\t\t\t<\/figure>\n\t\t\t\t\t\t\t\t\t<\/div>\n\t\t\t\t<\/div>\n\t\t<div class=\"elementor-element elementor-element-a29a410 e-con-full e-flex e-con e-child\" data-id=\"a29a410\" data-element_type=\"container\">\n\t\t\t\t<div class=\"elementor-element elementor-element-866abec elementor-widget elementor-widget-image\" data-id=\"866abec\" data-element_type=\"widget\" data-widget_type=\"image.default\">\n\t\t\t\t\t\t\t\t\t\t\t\t<figure class=\"wp-caption\">\n\t\t\t\t\t\t\t\t\t\t\t<a href=\"https:\/\/boliviaecologica.com\/?page_id=4012\" target=\"_blank\">\n\t\t\t\t\t\t\t<img loading=\"lazy\" decoding=\"async\" width=\"150\" height=\"150\" src=\"https:\/\/boliviaecologica.com\/wp-content\/uploads\/2025\/10\/29T-murcielagos-de-bolivia-150x150.webp\" class=\"attachment-thumbnail size-thumbnail wp-image-560\" alt=\"\" srcset=\"https:\/\/boliviaecologica.com\/wp-content\/uploads\/2025\/10\/29T-murcielagos-de-bolivia-150x150.webp 150w, https:\/\/boliviaecologica.com\/wp-content\/uploads\/2025\/10\/29T-murcielagos-de-bolivia-300x300.webp 300w, https:\/\/boliviaecologica.com\/wp-content\/uploads\/2025\/10\/29T-murcielagos-de-bolivia-100x100.webp 100w\" sizes=\"(max-width: 150px) 100vw, 150px\" \/>\t\t\t\t\t\t\t\t<\/a>\n\t\t\t\t\t\t\t\t\t\t\t<figcaption class=\"widget-image-caption wp-caption-text\">29 - Murci\u00e9lagos de Bolivia<\/figcaption>\n\t\t\t\t\t\t\t\t\t\t<\/figure>\n\t\t\t\t\t\t\t\t\t<\/div>\n\t\t\t\t<\/div>\n\t\t<div class=\"elementor-element elementor-element-bf15260 e-con-full e-flex e-con e-child\" data-id=\"bf15260\" data-element_type=\"container\">\n\t\t\t\t<div class=\"elementor-element elementor-element-8911894 elementor-widget elementor-widget-image\" data-id=\"8911894\" data-element_type=\"widget\" data-widget_type=\"image.default\">\n\t\t\t\t\t\t\t\t\t\t\t\t<figure class=\"wp-caption\">\n\t\t\t\t\t\t\t\t\t\t\t<a href=\"https:\/\/boliviaecologica.com\/?page_id=4174\" target=\"_blank\">\n\t\t\t\t\t\t\t<img loading=\"lazy\" decoding=\"async\" width=\"150\" height=\"150\" src=\"https:\/\/boliviaecologica.com\/wp-content\/uploads\/2025\/10\/57T-bosques-de-kewina-150x150.webp\" class=\"attachment-thumbnail size-thumbnail wp-image-649\" alt=\"\" srcset=\"https:\/\/boliviaecologica.com\/wp-content\/uploads\/2025\/10\/57T-bosques-de-kewina-150x150.webp 150w, https:\/\/boliviaecologica.com\/wp-content\/uploads\/2025\/10\/57T-bosques-de-kewina-300x300.webp 300w, https:\/\/boliviaecologica.com\/wp-content\/uploads\/2025\/10\/57T-bosques-de-kewina-100x100.webp 100w\" sizes=\"(max-width: 150px) 100vw, 150px\" \/>\t\t\t\t\t\t\t\t<\/a>\n\t\t\t\t\t\t\t\t\t\t\t<figcaption class=\"widget-image-caption wp-caption-text\">57 - Bosques de Kewi\u00f1a<\/figcaption>\n\t\t\t\t\t\t\t\t\t\t<\/figure>\n\t\t\t\t\t\t\t\t\t<\/div>\n\t\t\t\t<\/div>\n\t\t<div class=\"elementor-element elementor-element-6a44117 e-con-full e-flex e-con e-child\" data-id=\"6a44117\" data-element_type=\"container\">\n\t\t\t\t<div class=\"elementor-element elementor-element-ca4db26 elementor-widget elementor-widget-image\" data-id=\"ca4db26\" data-element_type=\"widget\" data-widget_type=\"image.default\">\n\t\t\t\t\t\t\t\t\t\t\t\t<figure class=\"wp-caption\">\n\t\t\t\t\t\t\t\t\t\t\t<a href=\"https:\/\/boliviaecologica.com\/?page_id=4310\" target=\"_blank\">\n\t\t\t\t\t\t\t<img loading=\"lazy\" decoding=\"async\" width=\"150\" height=\"150\" src=\"https:\/\/boliviaecologica.com\/wp-content\/uploads\/2025\/10\/70T-abejas-orquidea-150x150.webp\" class=\"attachment-thumbnail size-thumbnail wp-image-662\" alt=\"\" srcset=\"https:\/\/boliviaecologica.com\/wp-content\/uploads\/2025\/10\/70T-abejas-orquidea-150x150.webp 150w, https:\/\/boliviaecologica.com\/wp-content\/uploads\/2025\/10\/70T-abejas-orquidea-300x300.webp 300w, https:\/\/boliviaecologica.com\/wp-content\/uploads\/2025\/10\/70T-abejas-orquidea-100x100.webp 100w\" sizes=\"(max-width: 150px) 100vw, 150px\" \/>\t\t\t\t\t\t\t\t<\/a>\n\t\t\t\t\t\t\t\t\t\t\t<figcaption class=\"widget-image-caption wp-caption-text\">70 - Abejas orqu\u00eddeas<\/figcaption>\n\t\t\t\t\t\t\t\t\t\t<\/figure>\n\t\t\t\t\t\t\t\t\t<\/div>\n\t\t\t\t<\/div>\n\t\t<div class=\"elementor-element elementor-element-621c5c7 e-con-full e-flex e-con e-child\" data-id=\"621c5c7\" data-element_type=\"container\">\n\t\t\t\t<div class=\"elementor-element elementor-element-077c868 elementor-widget elementor-widget-image\" data-id=\"077c868\" data-element_type=\"widget\" data-widget_type=\"image.default\">\n\t\t\t\t\t\t\t\t\t\t\t\t<figure class=\"wp-caption\">\n\t\t\t\t\t\t\t\t\t\t\t<a href=\"https:\/\/boliviaecologica.com\/?page_id=4892\" target=\"_blank\">\n\t\t\t\t\t\t\t<img loading=\"lazy\" decoding=\"async\" width=\"150\" height=\"150\" src=\"https:\/\/boliviaecologica.com\/wp-content\/uploads\/2025\/10\/80T-MamAmen-completa-red-150x150.webp\" class=\"attachment-thumbnail size-thumbnail wp-image-672\" alt=\"\" srcset=\"https:\/\/boliviaecologica.com\/wp-content\/uploads\/2025\/10\/80T-MamAmen-completa-red-150x150.webp 150w, https:\/\/boliviaecologica.com\/wp-content\/uploads\/2025\/10\/80T-MamAmen-completa-red-300x300.webp 300w, https:\/\/boliviaecologica.com\/wp-content\/uploads\/2025\/10\/80T-MamAmen-completa-red-100x100.webp 100w\" sizes=\"(max-width: 150px) 100vw, 150px\" \/>\t\t\t\t\t\t\t\t<\/a>\n\t\t\t\t\t\t\t\t\t\t\t<figcaption class=\"widget-image-caption wp-caption-text\">80 - Mam\u00edferos amenazados en Bolivia<\/figcaption>\n\t\t\t\t\t\t\t\t\t\t<\/figure>\n\t\t\t\t\t\t\t\t\t<\/div>\n\t\t\t\t<\/div>\n\t\t\t\t<\/div>\n\t\t<div class=\"elementor-element elementor-element-636ed4d e-con-full e-flex e-con e-child\" data-id=\"636ed4d\" data-element_type=\"container\">\n\t\t<div class=\"elementor-element elementor-element-176d647 e-con-full e-flex e-con e-child\" data-id=\"176d647\" data-element_type=\"container\">\n\t\t\t\t<div class=\"elementor-element elementor-element-04bf08d elementor-widget elementor-widget-image\" data-id=\"04bf08d\" data-element_type=\"widget\" data-widget_type=\"image.default\">\n\t\t\t\t\t\t\t\t\t\t\t\t<figure class=\"wp-caption\">\n\t\t\t\t\t\t\t\t\t\t\t<a href=\"https:\/\/boliviaecologica.com\/?page_id=4974\" target=\"_blank\">\n\t\t\t\t\t\t\t<img loading=\"lazy\" decoding=\"async\" width=\"150\" height=\"150\" src=\"https:\/\/boliviaecologica.com\/wp-content\/uploads\/2025\/10\/96T-AICOMS-Murcielagos-completa-150x150.webp\" class=\"attachment-thumbnail size-thumbnail wp-image-688\" alt=\"\" srcset=\"https:\/\/boliviaecologica.com\/wp-content\/uploads\/2025\/10\/96T-AICOMS-Murcielagos-completa-150x150.webp 150w, https:\/\/boliviaecologica.com\/wp-content\/uploads\/2025\/10\/96T-AICOMS-Murcielagos-completa-300x300.webp 300w, https:\/\/boliviaecologica.com\/wp-content\/uploads\/2025\/10\/96T-AICOMS-Murcielagos-completa-100x100.webp 100w\" sizes=\"(max-width: 150px) 100vw, 150px\" \/>\t\t\t\t\t\t\t\t<\/a>\n\t\t\t\t\t\t\t\t\t\t\t<figcaption class=\"widget-image-caption wp-caption-text\">96 - Lugares importantes para la conservaci\u00f3n de murci\u00e9lagos en Bolivia<\/figcaption>\n\t\t\t\t\t\t\t\t\t\t<\/figure>\n\t\t\t\t\t\t\t\t\t<\/div>\n\t\t\t\t<\/div>\n\t\t<div class=\"elementor-element elementor-element-c1ca0ec e-con-full e-flex e-con e-child\" data-id=\"c1ca0ec\" data-element_type=\"container\">\n\t\t\t\t<div class=\"elementor-element elementor-element-c754c49 elementor-widget elementor-widget-image\" data-id=\"c754c49\" data-element_type=\"widget\" data-widget_type=\"image.default\">\n\t\t\t\t\t\t\t\t\t\t\t\t<figure class=\"wp-caption\">\n\t\t\t\t\t\t\t\t\t\t\t<a href=\"https:\/\/boliviaecologica.com\/?page_id=5037\" target=\"_blank\">\n\t\t\t\t\t\t\t<img loading=\"lazy\" decoding=\"async\" width=\"150\" height=\"150\" src=\"https:\/\/boliviaecologica.com\/wp-content\/uploads\/2025\/10\/107T-murcielagos_vampiros_de_bolivia-150x150.webp\" class=\"attachment-thumbnail size-thumbnail wp-image-699\" alt=\"\" srcset=\"https:\/\/boliviaecologica.com\/wp-content\/uploads\/2025\/10\/107T-murcielagos_vampiros_de_bolivia-150x150.webp 150w, https:\/\/boliviaecologica.com\/wp-content\/uploads\/2025\/10\/107T-murcielagos_vampiros_de_bolivia-300x300.webp 300w, https:\/\/boliviaecologica.com\/wp-content\/uploads\/2025\/10\/107T-murcielagos_vampiros_de_bolivia-100x100.webp 100w\" sizes=\"(max-width: 150px) 100vw, 150px\" \/>\t\t\t\t\t\t\t\t<\/a>\n\t\t\t\t\t\t\t\t\t\t\t<figcaption class=\"widget-image-caption wp-caption-text\">107 - Murci\u00e9lagos vampiros de Bolivia<\/figcaption>\n\t\t\t\t\t\t\t\t\t\t<\/figure>\n\t\t\t\t\t\t\t\t\t<\/div>\n\t\t\t\t<\/div>\n\t\t<div class=\"elementor-element elementor-element-de134e8 e-con-full e-flex e-con e-child\" data-id=\"de134e8\" data-element_type=\"container\">\n\t\t\t\t<\/div>\n\t\t<div class=\"elementor-element elementor-element-c12e7ad e-con-full e-flex e-con e-child\" data-id=\"c12e7ad\" data-element_type=\"container\">\n\t\t\t\t<\/div>\n\t\t<div class=\"elementor-element elementor-element-2d96f78 e-con-full e-flex e-con e-child\" data-id=\"2d96f78\" data-element_type=\"container\">\n\t\t\t\t<\/div>\n\t\t\t\t<\/div>\n\t\t\t\t\t<\/div>\n\t\t\t\t<\/div>\n\t\t\t\t<\/div>\n\t\t","protected":false},"excerpt":{"rendered":"<p>Luis F. Aguirre Biolog\u00eda de la conservaci\u00f3n, mam\u00edferos murci\u00e9lagos.\u00a0El Dr. Luis Fernando Aguirre Urioste es bi\u00f3logo con maestr\u00eda en Ecolog\u00eda [&hellip;]<\/p>\n","protected":false},"author":1,"featured_media":0,"parent":0,"menu_order":0,"comment_status":"closed","ping_status":"closed","template":"elementor_theme","meta":{"_acf_changed":false,"site-sidebar-layout":"no-sidebar","site-content-layout":"","ast-site-content-layout":"full-width-container","site-content-style":"default","site-sidebar-style":"default","ast-global-header-display":"","ast-banner-title-visibility":"","ast-main-header-display":"","ast-hfb-above-header-display":"","ast-hfb-below-header-display":"","ast-hfb-mobile-header-display":"","site-post-title":"disabled","ast-breadcrumbs-content":"","ast-featured-img":"disabled","footer-sml-layout":"","theme-transparent-header-meta":"","adv-header-id-meta":"","stick-header-meta":"","header-above-stick-meta":"","header-main-stick-meta":"","header-below-stick-meta":"","astra-migrate-meta-layouts":"default","ast-page-background-enabled":"default","ast-page-background-meta":{"desktop":{"background-color":"var(--ast-global-color-5)","background-image":"","background-repeat":"repeat","background-position":"center center","background-size":"auto","background-attachment":"scroll","background-type":"","background-media":"","overlay-type":"","overlay-color":"","overlay-opacity":"","overlay-gradient":""},"tablet":{"background-color":"","background-image":"","background-repeat":"repeat","background-position":"center center","background-size":"auto","background-attachment":"scroll","background-type":"","background-media":"","overlay-type":"","overlay-color":"","overlay-opacity":"","overlay-gradient":""},"mobile":{"background-color":"","background-image":"","background-repeat":"repeat","background-position":"center center","background-size":"auto","background-attachment":"scroll","background-type":"","background-media":"","overlay-type":"","overlay-color":"","overlay-opacity":"","overlay-gradient":""}},"ast-content-background-meta":{"desktop":{"background-color":"var(--ast-global-color-4)","background-image":"","background-repeat":"repeat","background-position":"center center","background-size":"auto","background-attachment":"scroll","background-type":"","background-media":"","overlay-type":"","overlay-color":"","overlay-opacity":"","overlay-gradient":""},"tablet":{"background-color":"var(--ast-global-color-4)","background-image":"","background-repeat":"repeat","background-position":"center center","background-size":"auto","background-attachment":"scroll","background-type":"","background-media":"","overlay-type":"","overlay-color":"","overlay-opacity":"","overlay-gradient":""},"mobile":{"background-color":"var(--ast-global-color-4)","background-image":"","background-repeat":"repeat","background-position":"center center","background-size":"auto","background-attachment":"scroll","background-type":"","background-media":"","overlay-type":"","overlay-color":"","overlay-opacity":"","overlay-gradient":""}},"footnotes":""},"folder":[41],"class_list":["post-4633","page","type-page","status-publish","hentry"],"acf":[],"_links":{"self":[{"href":"https:\/\/boliviaecologica.com\/index.php?rest_route=\/wp\/v2\/pages\/4633","targetHints":{"allow":["GET"]}}],"collection":[{"href":"https:\/\/boliviaecologica.com\/index.php?rest_route=\/wp\/v2\/pages"}],"about":[{"href":"https:\/\/boliviaecologica.com\/index.php?rest_route=\/wp\/v2\/types\/page"}],"author":[{"embeddable":true,"href":"https:\/\/boliviaecologica.com\/index.php?rest_route=\/wp\/v2\/users\/1"}],"replies":[{"embeddable":true,"href":"https:\/\/boliviaecologica.com\/index.php?rest_route=%2Fwp%2Fv2%2Fcomments&post=4633"}],"version-history":[{"count":13,"href":"https:\/\/boliviaecologica.com\/index.php?rest_route=\/wp\/v2\/pages\/4633\/revisions"}],"predecessor-version":[{"id":5489,"href":"https:\/\/boliviaecologica.com\/index.php?rest_route=\/wp\/v2\/pages\/4633\/revisions\/5489"}],"wp:attachment":[{"href":"https:\/\/boliviaecologica.com\/index.php?rest_route=%2Fwp%2Fv2%2Fmedia&parent=4633"}],"wp:term":[{"taxonomy":"folder","embeddable":true,"href":"https:\/\/boliviaecologica.com\/index.php?rest_route=%2Fwp%2Fv2%2Ffolder&post=4633"}],"curies":[{"name":"wp","href":"https:\/\/api.w.org\/{rel}","templated":true}]}}