{"id":2158,"date":"2025-10-29T23:23:22","date_gmt":"2025-10-29T23:23:22","guid":{"rendered":"https:\/\/boliviaecologica.com\/?page_id=2158"},"modified":"2025-12-05T03:11:40","modified_gmt":"2025-12-05T03:11:40","slug":"rodrigo-aguayo","status":"publish","type":"page","link":"https:\/\/boliviaecologica.com\/?page_id=2158","title":{"rendered":"Rodrigo Aguayo"},"content":{"rendered":"\t\t<div data-elementor-type=\"wp-page\" data-elementor-id=\"2158\" class=\"elementor elementor-2158\" data-elementor-post-type=\"page\">\n\t\t\t\t<div class=\"elementor-element elementor-element-0557648 e-flex e-con-boxed e-con e-parent\" data-id=\"0557648\" data-element_type=\"container\">\n\t\t\t\t\t<div class=\"e-con-inner\">\n\t\t\t\t<div class=\"elementor-element elementor-element-c114aec elementor-widget elementor-widget-slider_revolution\" data-id=\"c114aec\" data-element_type=\"widget\" data-widget_type=\"slider_revolution.default\">\n\t\t\t\t\t\n\t\t<div class=\"wp-block-themepunch-revslider\">\n\t\t\t\t<p class=\"rs-p-wp-fix\"><\/p>\n\t\t\t\t<sr7-module data-alias=\"sample-1\" data-id=\"3\" id=\"SR7_3_1\" class=\"rs-ov-hidden\" data-version=\"6.7.20\">\n\t\t\t\t\t<sr7-adjuster><\/sr7-adjuster>\n\t\t\t\t\t<sr7-content>\n\t\t\t\t\t\t<sr7-slide id=\"SR7_3_1-5\" data-key=\"5\">\n\t\t\t\t\t\t\t<sr7-bg id=\"SR7_3_1-5-1\" class=\"sr7-layer\"><noscript><img decoding=\"async\" src=\"https:\/\/boliviaecologica.com\/wp-content\/uploads\/2025\/11\/ColaboradoresB.jpg\" alt=\"\" title=\"ColaboradoresB\"><\/noscript><\/sr7-bg>\n\t\t\t\t\t\t<\/sr7-slide>\n\t\t\t\t\t\t<sr7-slide id=\"SR7_3_1-6\" data-key=\"6\">\n\t\t\t\t\t\t<\/sr7-slide>\n\t\t\t\t\t<\/sr7-content>\n\t\t\t\t\t<image_lists style=\"display:none\">\n\t\t\t\t\t\t<img data-src=\"\/\/boliviaecologica.com\/wp-content\/uploads\/2025\/11\/ColaboradoresB.jpg\" data-libid=\"4654\" data-lib=\"medialibrary\" title=\"ColaboradoresB\" width=\"0\" height=\"0\" data-dbsrc=\"Ly9ib2xpdmlhZWNvbG9naWNhLmNvbS93cC1jb250ZW50L3VwbG9hZHMvMjAyNS8xMS9Db2xhYm9yYWRvcmVzQi5qcGc=\"\/>\n\t\t\t\t\t<\/image_lists>\n\t\t\t\t<\/sr7-module>\n\t\t\t\t<script>\n\t\t\t\t\tSR7.PMH ??={}; SR7.PMH[\"SR7_3_1\"] = {cn:0,state:false,fn: function() { if (_tpt!==undefined && _tpt.prepareModuleHeight !== undefined) {  _tpt.prepareModuleHeight({id:\"SR7_3_1\",el:[300,300,768,960,720],type:'standard',shdw:'0',gh:[300,300,256,195,120],gw:[1200,1200,1024,778,480],vpt:['100px'],size:{fullWidth:true, fullHeight:false},mh:'0',onh:0,onw:0,bg:{color:'{\"orig\":\"transparent\",\"type\":\"solid\",\"string\":\"transparent\"}'}});   SR7.PMH[\"SR7_3_1\"].state=true;} else if((SR7.PMH[\"SR7_3_1\"].cn++)<100)\tsetTimeout( SR7.PMH[\"SR7_3_1\"].fn,19);}};SR7.PMH[\"SR7_3_1\" ].fn();\n\t\t\t\t<\/script>\n<\/div>\n\n\t\t\t\t\t\t<\/div>\n\t\t\t\t\t<\/div>\n\t\t\t\t<\/div>\n\t\t<div class=\"elementor-element elementor-element-e4f794c e-flex e-con-boxed e-con e-parent\" data-id=\"e4f794c\" data-element_type=\"container\" data-settings=\"{&quot;background_background&quot;:&quot;classic&quot;}\">\n\t\t\t\t\t<div class=\"e-con-inner\">\n\t\t<div class=\"elementor-element elementor-element-1c23d4d e-con-full e-flex e-con e-child\" data-id=\"1c23d4d\" data-element_type=\"container\" data-settings=\"{&quot;background_background&quot;:&quot;classic&quot;}\">\n\t\t\t\t<div class=\"elementor-element elementor-element-adbc806 elementor-widget elementor-widget-heading\" data-id=\"adbc806\" data-element_type=\"widget\" data-widget_type=\"heading.default\">\n\t\t\t\t\t<h2 class=\"elementor-heading-title elementor-size-default\"> Rodrigo Aguayo<\/h2>\t\t\t\t<\/div>\n\t\t\t\t<div class=\"elementor-element elementor-element-9f59ce8 elementor-widget elementor-widget-text-editor\" data-id=\"9f59ce8\" data-element_type=\"widget\" data-widget_type=\"text-editor.default\">\n\t\t\t\t\t\t\t\t\t<div><span lang=\"ES-TRAD\">Bi\u00f3logo\/ Investigador Asociado CBG-UMSS.<\/span><\/div><div>Herpetolog\u00eda.<\/div><div><div><span lang=\"ES-TRAD\">Herpet\u00f3logo boliviano e investigador asociado del Centro de Biodiversidad y Gen\u00e9tica (CBG) de la Universidad Mayor de San Sim\u00f3n, Bolivia. Trabaja en biodiversidad, sistem\u00e1tica y conservaci\u00f3n de anfibios y reptiles de Bolivia, principalmente en los Andes y la Amazon\u00eda. Es autor y coautor de m\u00e1s de 50 art\u00edculos cient\u00edficos en revistas, notas, libros y cap\u00edtulos de libros. Ha descrito 12 especies nuevas para la ciencia de Bolivia y Per\u00fa. Fundador y miembro de la junta directiva de la Asociaci\u00f3n Boliviana de Herpetolog\u00eda (ABH) y miembro del Grupo de Especialistas en Anfibios (ASG) de la Comisi\u00f3n de Supervivencia de Especies de la UICN. Trabaja como consultor en estudios ambientales y es docente del UMSS.<\/span><\/div><\/div>\t\t\t\t\t\t\t\t<\/div>\n\t\t\t\t<\/div>\n\t\t<div class=\"elementor-element elementor-element-8d89f9b e-con-full e-flex e-con e-child\" data-id=\"8d89f9b\" data-element_type=\"container\" data-settings=\"{&quot;background_background&quot;:&quot;classic&quot;}\">\n\t\t\t\t<div class=\"elementor-element elementor-element-596f679 elementor-widget elementor-widget-image\" data-id=\"596f679\" data-element_type=\"widget\" data-widget_type=\"image.default\">\n\t\t\t\t\t\t\t\t\t\t\t\t\t\t\t<img fetchpriority=\"high\" decoding=\"async\" width=\"600\" height=\"500\" src=\"https:\/\/boliviaecologica.com\/wp-content\/uploads\/2025\/10\/Rodrigo-Aguayo-Page.webp\" class=\"attachment-large size-large wp-image-2106\" alt=\"\" srcset=\"https:\/\/boliviaecologica.com\/wp-content\/uploads\/2025\/10\/Rodrigo-Aguayo-Page.webp 600w, https:\/\/boliviaecologica.com\/wp-content\/uploads\/2025\/10\/Rodrigo-Aguayo-Page-300x250.webp 300w\" sizes=\"(max-width: 600px) 100vw, 600px\" \/>\t\t\t\t\t\t\t\t\t\t\t\t\t\t\t<\/div>\n\t\t\t\t<div class=\"elementor-element elementor-element-104ac3b elementor-widget elementor-widget-heading\" data-id=\"104ac3b\" data-element_type=\"widget\" data-widget_type=\"heading.default\">\n\t\t\t\t\t<h2 class=\"elementor-heading-title elementor-size-default\">Autor<\/h2>\t\t\t\t<\/div>\n\t\t\t\t<\/div>\n\t\t\t\t\t<\/div>\n\t\t\t\t<\/div>\n\t\t<div class=\"elementor-element elementor-element-0fc5030 e-flex e-con-boxed e-con e-parent\" data-id=\"0fc5030\" data-element_type=\"container\">\n\t\t\t\t\t<div class=\"e-con-inner\">\n\t\t<div class=\"elementor-element elementor-element-436b403 e-con-full e-flex e-con e-child\" data-id=\"436b403\" data-element_type=\"container\">\n\t\t\t\t<div class=\"elementor-element elementor-element-3ec0056 elementor-widget elementor-widget-spacer\" data-id=\"3ec0056\" data-element_type=\"widget\" data-widget_type=\"spacer.default\">\n\t\t\t\t\t\t\t<div class=\"elementor-spacer\">\n\t\t\t<div class=\"elementor-spacer-inner\"><\/div>\n\t\t<\/div>\n\t\t\t\t\t\t<\/div>\n\t\t\t\t<div class=\"elementor-element elementor-element-1818a3c elementor-widget elementor-widget-button\" data-id=\"1818a3c\" data-element_type=\"widget\" data-widget_type=\"button.default\">\n\t\t\t\t\t\t\t\t\t\t<a class=\"elementor-button elementor-button-link elementor-size-sm\" href=\"#\">\n\t\t\t\t\t\t<span class=\"elementor-button-content-wrapper\">\n\t\t\t\t\t\t\t\t\t<span class=\"elementor-button-text\">Publicaciones<\/span>\n\t\t\t\t\t<\/span>\n\t\t\t\t\t<\/a>\n\t\t\t\t\t\t\t\t<\/div>\n\t\t\t\t<div class=\"elementor-element elementor-element-b7dc57a elementor-widget-divider--view-line elementor-widget elementor-widget-divider\" data-id=\"b7dc57a\" data-element_type=\"widget\" data-widget_type=\"divider.default\">\n\t\t\t\t\t\t\t<div class=\"elementor-divider\">\n\t\t\t<span class=\"elementor-divider-separator\">\n\t\t\t\t\t\t<\/span>\n\t\t<\/div>\n\t\t\t\t\t\t<\/div>\n\t\t\t\t<div class=\"elementor-element elementor-element-cada995 elementor-widget elementor-widget-spacer\" data-id=\"cada995\" data-element_type=\"widget\" data-widget_type=\"spacer.default\">\n\t\t\t\t\t\t\t<div class=\"elementor-spacer\">\n\t\t\t<div class=\"elementor-spacer-inner\"><\/div>\n\t\t<\/div>\n\t\t\t\t\t\t<\/div>\n\t\t\t\t<\/div>\n\t\t<div class=\"elementor-element elementor-element-96aa91b e-con-full e-flex e-con e-child\" data-id=\"96aa91b\" data-element_type=\"container\">\n\t\t<div class=\"elementor-element elementor-element-fe9a62b e-con-full e-flex e-con e-child\" data-id=\"fe9a62b\" data-element_type=\"container\">\n\t\t\t\t<div class=\"elementor-element elementor-element-4037d6e elementor-widget elementor-widget-image\" data-id=\"4037d6e\" data-element_type=\"widget\" data-widget_type=\"image.default\">\n\t\t\t\t\t\t\t\t\t\t\t\t<figure class=\"wp-caption\">\n\t\t\t\t\t\t\t\t\t\t\t<a href=\"https:\/\/boliviaecologica.com?page_id=4148\" target=\"_blank\">\n\t\t\t\t\t\t\t<img decoding=\"async\" width=\"150\" height=\"150\" src=\"https:\/\/boliviaecologica.com\/wp-content\/uploads\/2025\/10\/53T-reptiles-de-bolivia-150x150.webp\" class=\"attachment-thumbnail size-thumbnail wp-image-645\" alt=\"\" srcset=\"https:\/\/boliviaecologica.com\/wp-content\/uploads\/2025\/10\/53T-reptiles-de-bolivia-150x150.webp 150w, https:\/\/boliviaecologica.com\/wp-content\/uploads\/2025\/10\/53T-reptiles-de-bolivia-300x300.webp 300w, https:\/\/boliviaecologica.com\/wp-content\/uploads\/2025\/10\/53T-reptiles-de-bolivia-100x100.webp 100w\" sizes=\"(max-width: 150px) 100vw, 150px\" \/>\t\t\t\t\t\t\t\t<\/a>\n\t\t\t\t\t\t\t\t\t\t\t<figcaption class=\"widget-image-caption wp-caption-text\">53 - Reptiles de Bolivia<\/figcaption>\n\t\t\t\t\t\t\t\t\t\t<\/figure>\n\t\t\t\t\t\t\t\t\t<\/div>\n\t\t\t\t<\/div>\n\t\t<div class=\"elementor-element elementor-element-9d149de e-con-full e-flex e-con e-child\" data-id=\"9d149de\" data-element_type=\"container\">\n\t\t\t\t<\/div>\n\t\t<div class=\"elementor-element elementor-element-dcd9bfb e-con-full e-flex e-con e-child\" data-id=\"dcd9bfb\" data-element_type=\"container\">\n\t\t\t\t<\/div>\n\t\t<div class=\"elementor-element elementor-element-fa923dd e-con-full e-flex e-con e-child\" data-id=\"fa923dd\" data-element_type=\"container\">\n\t\t\t\t<\/div>\n\t\t<div class=\"elementor-element elementor-element-f1a3167 e-con-full e-flex e-con e-child\" data-id=\"f1a3167\" data-element_type=\"container\">\n\t\t\t\t<\/div>\n\t\t\t\t<\/div>\n\t\t\t\t\t<\/div>\n\t\t\t\t<\/div>\n\t\t\t\t<\/div>\n\t\t","protected":false},"excerpt":{"rendered":"<p>Rodrigo Aguayo Bi\u00f3logo\/ Investigador Asociado CBG-UMSS.Herpetolog\u00eda.Herpet\u00f3logo boliviano e investigador asociado del Centro de Biodiversidad y Gen\u00e9tica (CBG) de la Universidad [&hellip;]<\/p>\n","protected":false},"author":1,"featured_media":0,"parent":0,"menu_order":0,"comment_status":"closed","ping_status":"closed","template":"elementor_theme","meta":{"_acf_changed":false,"site-sidebar-layout":"no-sidebar","site-content-layout":"","ast-site-content-layout":"full-width-container","site-content-style":"default","site-sidebar-style":"default","ast-global-header-display":"","ast-banner-title-visibility":"","ast-main-header-display":"","ast-hfb-above-header-display":"","ast-hfb-below-header-display":"","ast-hfb-mobile-header-display":"","site-post-title":"disabled","ast-breadcrumbs-content":"","ast-featured-img":"disabled","footer-sml-layout":"","theme-transparent-header-meta":"","adv-header-id-meta":"","stick-header-meta":"","header-above-stick-meta":"","header-main-stick-meta":"","header-below-stick-meta":"","astra-migrate-meta-layouts":"default","ast-page-background-enabled":"default","ast-page-background-meta":{"desktop":{"background-color":"var(--ast-global-color-5)","background-image":"","background-repeat":"repeat","background-position":"center center","background-size":"auto","background-attachment":"scroll","background-type":"","background-media":"","overlay-type":"","overlay-color":"","overlay-opacity":"","overlay-gradient":""},"tablet":{"background-color":"","background-image":"","background-repeat":"repeat","background-position":"center center","background-size":"auto","background-attachment":"scroll","background-type":"","background-media":"","overlay-type":"","overlay-color":"","overlay-opacity":"","overlay-gradient":""},"mobile":{"background-color":"","background-image":"","background-repeat":"repeat","background-position":"center center","background-size":"auto","background-attachment":"scroll","background-type":"","background-media":"","overlay-type":"","overlay-color":"","overlay-opacity":"","overlay-gradient":""}},"ast-content-background-meta":{"desktop":{"background-color":"var(--ast-global-color-4)","background-image":"","background-repeat":"repeat","background-position":"center center","background-size":"auto","background-attachment":"scroll","background-type":"","background-media":"","overlay-type":"","overlay-color":"","overlay-opacity":"","overlay-gradient":""},"tablet":{"background-color":"var(--ast-global-color-4)","background-image":"","background-repeat":"repeat","background-position":"center center","background-size":"auto","background-attachment":"scroll","background-type":"","background-media":"","overlay-type":"","overlay-color":"","overlay-opacity":"","overlay-gradient":""},"mobile":{"background-color":"var(--ast-global-color-4)","background-image":"","background-repeat":"repeat","background-position":"center center","background-size":"auto","background-attachment":"scroll","background-type":"","background-media":"","overlay-type":"","overlay-color":"","overlay-opacity":"","overlay-gradient":""}},"footnotes":""},"folder":[41],"class_list":["post-2158","page","type-page","status-publish","hentry"],"acf":[],"_links":{"self":[{"href":"https:\/\/boliviaecologica.com\/index.php?rest_route=\/wp\/v2\/pages\/2158","targetHints":{"allow":["GET"]}}],"collection":[{"href":"https:\/\/boliviaecologica.com\/index.php?rest_route=\/wp\/v2\/pages"}],"about":[{"href":"https:\/\/boliviaecologica.com\/index.php?rest_route=\/wp\/v2\/types\/page"}],"author":[{"embeddable":true,"href":"https:\/\/boliviaecologica.com\/index.php?rest_route=\/wp\/v2\/users\/1"}],"replies":[{"embeddable":true,"href":"https:\/\/boliviaecologica.com\/index.php?rest_route=%2Fwp%2Fv2%2Fcomments&post=2158"}],"version-history":[{"count":10,"href":"https:\/\/boliviaecologica.com\/index.php?rest_route=\/wp\/v2\/pages\/2158\/revisions"}],"predecessor-version":[{"id":5477,"href":"https:\/\/boliviaecologica.com\/index.php?rest_route=\/wp\/v2\/pages\/2158\/revisions\/5477"}],"wp:attachment":[{"href":"https:\/\/boliviaecologica.com\/index.php?rest_route=%2Fwp%2Fv2%2Fmedia&parent=2158"}],"wp:term":[{"taxonomy":"folder","embeddable":true,"href":"https:\/\/boliviaecologica.com\/index.php?rest_route=%2Fwp%2Fv2%2Ffolder&post=2158"}],"curies":[{"name":"wp","href":"https:\/\/api.w.org\/{rel}","templated":true}]}}